{"id":170,"date":"2019-05-17T04:33:14","date_gmt":"2019-05-17T03:33:14","guid":{"rendered":"http:\/\/127.0.0.1\/wpelectworx\/?page_id=5"},"modified":"2024-01-05T08:40:30","modified_gmt":"2024-01-05T07:40:30","slug":"home-2","status":"publish","type":"page","link":"https:\/\/dialer.biz\/","title":{"rendered":"Home"},"content":{"rendered":"\n\n\n\n\n\n\n\n\n\n\n\n<h3>Nasze us\u0142ugi<\/h3>\n\n\n\n\n\n<p><br>\n\n<\/p><p>Du\u017cy nacisk stawiamy na szkolenia i \u015bledzenie nowo\u015bci w bran\u017cy IT. Przy obecnej dynamice rozwoju tej bran\u017cy staramy si\u0119 proponowa\u0107 klientom nowoczesne i d\u0142ugofalowe rozwi\u0105zania.<\/p>&nbsp;Nie tylko sprzedajemy produkt, ale edukujemy i sugerujemy dzia\u0142ania maj\u0105ce na celu popraw\u0119 systemu.<br>\n\n\n<div>Zarz\u0105dzamy systemami serwerowymi. Projektujemy i wykonujemy \nserwerownie dla ma\u0142ych i \u015brednich firm. Pomagamy w ich rozbudowie i \nautomatyzacji. Prowadzimy r\u00f3wnie\u017c sprzeda\u017c sprz\u0119tu nowego i u\u017cywanego.&nbsp;<\/div><div>Opracowujemy systemy automatycznej kopii danych.&nbsp;<\/div><div>Instalujemy systemy monitoringu oparte na kamerach cyfrowych.<\/div>\n\n\n<p>\n\nWykonujemy bie\u017c\u0105ce naprawy sprz\u0119tu oraz oprogramowania. <br><\/p><p>Wsp\u00f3\u0142pracujemy z autoryzowanymi serwisami sprz\u0119tu komputerowego oraz producentami oprogramowania (m.in. firmy Insert, qNAP, Synology, WesternDigital).<\/p>\n\n\n\n\n<p><br>\n\n<\/p><p>Oferujemy us\u0142ugi dronowe, kt\u00f3re polegaj\u0105 m.in. na wykonywaniu \nzdj\u0119\u0107, film\u00f3w z powietrza, panoram 360 stopni oraz spacer\u00f3w wirtualnych. Ponadto drony mog\u0105 s\u0142u\u017cy\u0107 do inspekcji drug kablowych na wysoko\u015bci, szerszej wizji terenu pod inwestycj\u0119, czy szerszej obserwacji du\u017cego terenu. W naszej firmie tzw. UAV steruje osoba posiadaj\u0105ca odpowiednie pozwolenia i certyfikaty.<\/p>\n\n\n\n\n\n<div><br>\n\n<\/div><div>Dysponujemy w firmie drukark\u0105 3D, przygotowujemy samodzielnie programy zgodnie z przedstawionym nam projektem.<\/div><div>U\u017cywamy wielu materia\u0142\u00f3w: PLA, PET-G, TPU-F3D, ABS. Wydruki mieszcz\u0105ce si\u0119 w kubaturze 220&nbsp;x&nbsp;220 x&nbsp;250 mm.<\/div>\n\n\n<p><br>\n\n<\/p><p>Nasza firma organizuje te\u017c szkolenia z zagadnie\u0144 nie zwi\u0105zane z IT. Wiele lat naszych do\u015bwiadcze\u0144, oraz uzyskane certyfikaty umo\u017cliwiaj\u0105 nam podzielenie si\u0119 wiedz\u0105 w tematyce <strong>strzelectwa<\/strong>, <strong>survivalu<\/strong>. Ch\u0119tnie podzielimy si\u0119 swoim do\u015bwiadczeniem. <br><\/p>\n\n\n\n\n\n\n\n\n\n\n\n<h4><br><\/h4><h4><b>Od ponad 15 lat na rynku B2B. W bogatym wachlarzu produkt\u00f3w i us\u0142ug mamy m.in.:<\/b><\/h4><div><br><\/div><div><br><\/div>\n\n\n\n\n\n\n\n\nsprzeda\u017c i wdro\u017cenia produkt\u00f3w marki InsERT\n\n\n\n\n\n\n\nbudowa \/ modernizacja sieciami WAN\/LAN\n\n\n\n\n\n\n\nbudowa i pomiary sieci WiFi\n\n\n\nkonfiguracje dost\u0119p\u00f3w zdalnych do firmy &#8211; VPN, Remote Desktop, oprogramowanie alternatywne, szyfrowanie transmisji danych &#8211; przygotowanie firmy do pracy zdalnej\n\n\n\n\n\n\n\nzarz\u0105dzanie systemami serwerowymi\n\n\n\n\n\n\n\nsystemy zaawansowanych kopii zapasowych\n\n\n\n\n\n\n\nsystemy zwirtualizowane VMware i Hyper-V\n\n\n\n\n\n\n\nobs\u0142uga bie\u017c\u0105ca ca\u0142ej firmy jak i wyznaczonych dzia\u0142\u00f3w (np. ksi\u0119gowo\u015b\u0107 \/ kadry \/ produkcja)\n\n\n\n\n\n\n\nsprzeda\u017c oprogramowania \/ sprz\u0119tu i akcesori\u00f3w komputerowych\nsprzeda\u017c sprz\u0119tu poleasingowego (Dell, HP, inne)<br>\nmonta\u017c monitoringu | monta\u017c CCTV\n\n\n\n\n\n\n\nrozwi\u0105zania chmurowe &#8211; dost\u0119p do zasob\u00f3w sieciowych z ka\u017cdego miejsca na \u015bwiecie, szyfrowanie transmisji\n\n\n\n\n\n\n\nszkolenia z obs\u0142ugi system\u00f3w dla kadry\npartnerstwo z m.in.: QNAP, Western Digital, InsERT<br>\nus\u0142ugi dronowe (video, marketing, wizje techniczne)\ndruk 3D (projekty w\u0142asne lub klienta)\n\n\n\n\n\n\n\n\n\n\n\n\n\n\n\n\n\n\n\n\n\n\n\n\n\n<h3>Mieli\u015bmy przyjemno\u015b\u0107 wsp\u00f3\u0142pracowa\u0107 mi\u0119dzy innymi z:<br><\/h3>\n\n\n\n\n\n\n<h4>Dla wszystkich pa\u0144stwa mamy kod rabatowy -20% u naszego partnera &#8211; nazwa.pl<\/h4>\n\n<h5>KOD: jp27-8345-2289<\/h5>\n\n\n\n\n\n\n\n\n\n\n\n<h3 style=\"text-align: center;\"><span style=\"color: #eeece1;\">Potrzebujesz wsparcia<\/span> <span style=\"color: #f79646;\"><strong>informatycznego?<\/strong><\/span><\/h3>\n<p style=\"text-align: center;\"><span style=\"color: #ffffff;\">Skontaktuj si\u0119 z nami \u2013 nasz zesp\u00f3\u0142 jest do Twojej dyspozycji.<\/span><\/p>\n\n\n\n\n\n\n\n\n\n\n\n\n\n\n\n\n\n\n\n<h3>Kontakt<\/h3>\n\n\n\n\n\n\n\n\n\n\n\n\nPOLAND, 80-174 Gda\u0144sk, ul. Turzycowa 45\/26\n\n\n\n\n\n\n\nbiuro @ dialer.biz\n\n\n\n\n\n\n\n+48 505-260-913\n\n\n\n\n\n\n\nNIP: 7171721916\n\n\n\n\n\n\n\n\n\n\n\n\n\n\nGda\u0144sk, Turzycowa 45\/26\n\n\n","protected":false},"excerpt":{"rendered":"","protected":false},"author":1,"featured_media":0,"parent":0,"menu_order":0,"comment_status":"closed","ping_status":"closed","template":"","meta":{"pagelayer_contact_templates":[],"_pagelayer_content":"","footnotes":""},"class_list":["post-170","page","type-page","status-publish","hentry"],"_links":{"self":[{"href":"https:\/\/dialer.biz\/index.php?rest_route=\/wp\/v2\/pages\/170","targetHints":{"allow":["GET"]}}],"collection":[{"href":"https:\/\/dialer.biz\/index.php?rest_route=\/wp\/v2\/pages"}],"about":[{"href":"https:\/\/dialer.biz\/index.php?rest_route=\/wp\/v2\/types\/page"}],"author":[{"embeddable":true,"href":"https:\/\/dialer.biz\/index.php?rest_route=\/wp\/v2\/users\/1"}],"replies":[{"embeddable":true,"href":"https:\/\/dialer.biz\/index.php?rest_route=%2Fwp%2Fv2%2Fcomments&post=170"}],"version-history":[{"count":47,"href":"https:\/\/dialer.biz\/index.php?rest_route=\/wp\/v2\/pages\/170\/revisions"}],"predecessor-version":[{"id":452,"href":"https:\/\/dialer.biz\/index.php?rest_route=\/wp\/v2\/pages\/170\/revisions\/452"}],"wp:attachment":[{"href":"https:\/\/dialer.biz\/index.php?rest_route=%2Fwp%2Fv2%2Fmedia&parent=170"}],"curies":[{"name":"wp","href":"https:\/\/api.w.org\/{rel}","templated":true}]}}